{"id":232,"date":"2016-09-07T09:16:28","date_gmt":"2016-09-07T12:16:28","guid":{"rendered":"http:\/\/www.engenhariacaseira.com.br\/blog\/?page_id=232"},"modified":"2016-09-07T09:17:17","modified_gmt":"2016-09-07T12:17:17","slug":"como-fazer-placas-de-circuito-impresso-com-furos-metalizados-e-qualidade-industrial-em-casa","status":"publish","type":"page","link":"https:\/\/www.engenhariacaseira.com.br\/blog\/?page_id=232","title":{"rendered":"Como fazer placas de circuito impresso com furos metalizados e qualidade industrial em casa"},"content":{"rendered":"<h2>Como fazer placas de circuito impresso com furos metalizados e qualidade industrial em casa<\/h2>\n<p><span style=\"font-family: verdana, geneva, sans-serif; line-height: 1.5;\">1 &#8211; <\/span><a style=\"font-family: verdana, geneva, sans-serif; line-height: 1.5;\" href=\"?p=44\">Introdu\u00e7\u00e3o<\/a><\/p>\n<p><span style=\"font-family: verdana, geneva, sans-serif;\">2 &#8211;\u00a0<a href=\"?p=43\">Solu\u00e7\u00e3o Ativadora<\/a><\/span><\/p>\n<p><span style=\"font-family: verdana, geneva, sans-serif;\">3 &#8211;\u00a0<a href=\"?p=42\">Metalizando os furos da PCI<\/a><\/span><\/p>\n<p><span style=\"font-family: verdana, geneva, sans-serif;\">3.1 &#8211;\u00a0<a href=\"?p=41\">Metalizando os furos da PCI<\/a><\/span><\/p>\n<p><span style=\"font-family: verdana, geneva, sans-serif;\">4 &#8211;\u00a0<a href=\"?p=40\">Solu\u00e7\u00e3o para a eletrodeposi\u00e7\u00e3o de cobre<\/a><\/span><\/p>\n<p><span style=\"font-family: verdana, geneva, sans-serif;\">5 &#8211;\u00a0<a href=\"?p=39\">Produzindo Hipofosfito de C\u00e1lcio em Casa<\/a><\/span><\/p>\n<p><span style=\"font-family: verdana, geneva, sans-serif;\">6 &#8211;\u00a0<a href=\"?p=38\">Eletrodeposi\u00e7\u00e3o com Pulso e Pulso Reverso<\/a><\/span><\/p>\n<p><span style=\"font-family: verdana, geneva, sans-serif;\">7 &#8211;\u00a0<a href=\"?p=36\">Processos fotogr\u00e1ficos<\/a><\/span><\/p>\n<p><span style=\"font-family: verdana, geneva, sans-serif;\">8 &#8211;\u00a0<a href=\"?p=35\">Dry-Film<\/a><\/span><\/p>\n<p><span style=\"font-family: verdana, geneva, sans-serif;\">9 &#8211;\u00a0<a href=\"?p=34\">Deposi\u00e7\u00e3o de estanho<\/a><\/span><\/p>\n<p><span style=\"font-family: verdana, geneva, sans-serif;\">10 &#8211;\u00a0<a href=\"?p=32\">Fotolito<\/a><\/span><\/p>\n<p><span style=\"font-family: verdana, geneva, sans-serif;\">11 &#8211;\u00a0\u00a0<a href=\"?p=31\">Swell-And-Etch<\/a><\/span><\/p>\n","protected":false},"excerpt":{"rendered":"<p>Como fazer placas de circuito impresso com furos metalizados e qualidade industrial em casa 1 &#8211; Introdu\u00e7\u00e3o 2 &#8211;\u00a0Solu\u00e7\u00e3o Ativadora 3 &#8211;\u00a0Metalizando os furos da PCI 3.1 &#8211;\u00a0Metalizando os furos da PCI 4 &#8211;\u00a0Solu\u00e7\u00e3o para a eletrodeposi\u00e7\u00e3o de cobre 5 &#8211;\u00a0Produzindo Hipofosfito de C\u00e1lcio em Casa 6 &#8211;\u00a0Eletrodeposi\u00e7\u00e3o com Pulso e Pulso Reverso 7 &#8211;\u00a0Processos &#8230; <a title=\"Como fazer placas de circuito impresso com furos metalizados e qualidade industrial em casa\" class=\"read-more\" href=\"https:\/\/www.engenhariacaseira.com.br\/blog\/?page_id=232\" aria-label=\"Read more about Como fazer placas de circuito impresso com furos metalizados e qualidade industrial em casa\">Ler mais<\/a><\/p>\n","protected":false},"author":1,"featured_media":0,"parent":0,"menu_order":0,"comment_status":"closed","ping_status":"closed","template":"","meta":{"footnotes":""},"class_list":["post-232","page","type-page","status-publish"],"amp_enabled":true,"post_mailing_queue_ids":[],"_links":{"self":[{"href":"https:\/\/www.engenhariacaseira.com.br\/blog\/index.php?rest_route=\/wp\/v2\/pages\/232","targetHints":{"allow":["GET"]}}],"collection":[{"href":"https:\/\/www.engenhariacaseira.com.br\/blog\/index.php?rest_route=\/wp\/v2\/pages"}],"about":[{"href":"https:\/\/www.engenhariacaseira.com.br\/blog\/index.php?rest_route=\/wp\/v2\/types\/page"}],"author":[{"embeddable":true,"href":"https:\/\/www.engenhariacaseira.com.br\/blog\/index.php?rest_route=\/wp\/v2\/users\/1"}],"replies":[{"embeddable":true,"href":"https:\/\/www.engenhariacaseira.com.br\/blog\/index.php?rest_route=%2Fwp%2Fv2%2Fcomments&post=232"}],"version-history":[{"count":1,"href":"https:\/\/www.engenhariacaseira.com.br\/blog\/index.php?rest_route=\/wp\/v2\/pages\/232\/revisions"}],"predecessor-version":[{"id":233,"href":"https:\/\/www.engenhariacaseira.com.br\/blog\/index.php?rest_route=\/wp\/v2\/pages\/232\/revisions\/233"}],"wp:attachment":[{"href":"https:\/\/www.engenhariacaseira.com.br\/blog\/index.php?rest_route=%2Fwp%2Fv2%2Fmedia&parent=232"}],"curies":[{"name":"wp","href":"https:\/\/api.w.org\/{rel}","templated":true}]}}