{"id":188,"date":"2016-05-16T15:19:25","date_gmt":"2016-05-16T18:19:25","guid":{"rendered":"http:\/\/www.engenhariacaseira.com.br\/blog\/?page_id=188"},"modified":"2020-01-14T11:19:23","modified_gmt":"2020-01-14T14:19:23","slug":"links","status":"publish","type":"page","link":"https:\/\/www.engenhariacaseira.com.br\/blog\/?page_id=188","title":{"rendered":"Links"},"content":{"rendered":"<h2><span style=\"font-size: xx-large; font-family: verdana, geneva, sans-serif;\" data-blogger-escaped-style=\"font-size: x-large;\">Reagentes \/ Material para Laborat\u00f3rio<\/span><\/h2>\n<p><span style=\"font-family: verdana, geneva, sans-serif;\"><b>Luiz:\u00a0<a href=\"https:\/\/lista.mercadolivre.com.br\/_CustId_133961551\">https:\/\/lista.mercadolivre.com.br\/_CustId_133961551<\/a>\u00a0(<\/b><b data-blogger-escaped-style=\"color: #0000ee;\"><u><a data-blogger-escaped-href=\"mailto:luizcarlosmoraes80@gmail.com\">luizcarlosmoraes80@gmail.com<\/a><\/u><\/b>)<\/span><\/p>\n<div data-blogger-escaped-style=\"text-align: justify;\">\n<p><span style=\"font-family: verdana, geneva, sans-serif;\">O Luiz vende produtos qu\u00edmicos pelo Mercado Livre. Aqui voc\u00ea pode comprar HCl e outros produtos controlados que muitas empresas n\u00e3o querem vender mesmo respeitando a quantidade m\u00e1xima permitida por pessoa f\u00edsica. Lembrando que n\u00e3o \u00e9 proibido vender os materiais controlados, desde que seja pessoa f\u00edsica e respeite a quantidade m\u00e1xima mensal permitida para cada produto.<\/span><\/p>\n<\/div>\n<p><span style=\"font-family: verdana, geneva, sans-serif;\"><b>Merse:\u00a0<a href=\"https:\/\/www.merse.com.br\/\">https:\/\/www.merse.com.br<\/a><\/b><\/span><\/p>\n<p><span style=\"font-family: verdana, geneva, sans-serif;\">Na Merse voc\u00ea vai encontrar todos os produtos e reagentes para laborat\u00f3rio.<\/span><\/p>\n<p><span style=\"font-family: verdana, geneva, sans-serif;\"><b>Asher:\u00a0<a href=\"https:\/\/www.asher.com.br\/\">https:\/\/www.asher.com.br<\/a>\u00a0(16) 4009-1121<\/b><\/span><\/p>\n<div data-blogger-escaped-style=\"text-align: justify;\">\n<p><span style=\"font-family: verdana, geneva, sans-serif;\">Na Asher voc\u00ea encontra materia prima para a fabrica\u00e7\u00e3o de produtos de limpeza e econtra tamb\u00e9m alguns produtos que usamos como alcool isopropilico e o solvente para filme liquido (Butilglicol), peroxido de hidrog\u00eanio 50%, \u00a0al\u00e9m de outros.<\/span><\/p>\n<\/div>\n<p><span style=\"font-family: verdana, geneva, sans-serif;\"><b>Loja Synth:\u00a0<a href=\"https:\/\/www.lojasynth.com\/\">https:\/\/www.lojasynth.com\/<\/a><\/b><\/span><\/p>\n<div data-blogger-escaped-style=\"text-align: justify;\">\n<p><span style=\"font-family: verdana, geneva, sans-serif;\">Aqui voc\u00ea encontra materiais para laboratorios e reagentes. N\u00e3o sei dizer se vendem para pessoa f\u00edsica.<\/span><\/p>\n<\/div>\n<p><span style=\"font-family: verdana, geneva, sans-serif;\"><b>Tinsolder:\u00a0<a href=\"https:\/\/tinsolder.mercadoshops.com.br\/\">https:\/\/tinsolder.mercadoshops.com.br\/<\/a>\u00a0(19) 3231-4287<\/b><\/span><\/p>\n<div data-blogger-escaped-style=\"text-align: justify;\">\n<p><span style=\"font-family: verdana, geneva, sans-serif;\">Na TinSolder voc\u00ea encontra estanho com 99% de pureza para a fabrica\u00e7\u00e3o do cloreto de estanho que iremos usar no processo de deposi\u00e7\u00e3o qu\u00edmica.<\/span><\/p>\n<hr \/>\n<\/div>\n<h2><span style=\"font-size: xx-large; font-family: verdana, geneva, sans-serif;\" data-blogger-escaped-style=\"font-size: x-large;\">Componentes Eletr\u00f4nicos<\/span><\/h2>\n<p><span style=\"font-family: verdana, geneva, sans-serif;\"><b>Solda Fria:\u00a0<a href=\"https:\/\/www.soldafria.com.br\/\">https:\/\/www.soldafria.com.br<\/a><\/b><\/span><\/p>\n<p><span style=\"font-family: verdana, geneva, sans-serif;\">Aqui voc\u00ea encontra diversos componentes eletr\u00f4nicos com \u00f3timo pre\u00e7o.<\/span><\/p>\n<p><span style=\"font-family: verdana, geneva, sans-serif;\"><b>Cinestec:\u00a0<a href=\"https:\/\/www.cinestec.com.br\/\">https:\/\/www.cinestec.com.br<\/a><\/b><\/span><\/p>\n<p><span style=\"font-family: verdana, geneva, sans-serif;\">Aqui voc\u00ea encontra diversos componentes eletr\u00f4nicos com \u00f3timo pre\u00e7o.<\/span><\/p>\n<p><span style=\"font-family: verdana, geneva, sans-serif;\"><b>Farnell:\u00a0https:\/\/www.farnell.com.br (<a href=\"https:\/\/www.farnell.com\">https:\/\/www.farnell.com<\/a>)<\/b><b>\u00a0<\/b><\/span><\/p>\n<p><span style=\"font-family: verdana, geneva, sans-serif;\">Na farnell voc\u00ea encontra todos os componentes eletr\u00f4nicos que voc\u00ea n\u00e3o encontra no Brasil.<\/span><\/p>\n<p><span style=\"font-family: verdana, geneva, sans-serif;\">(Infelizmente a filial do Brasil fechou por conta da grave crise financeira gerada pelo PT)<\/span><\/p>\n<p><span style=\"font-family: verdana, geneva, sans-serif;\"><b>Mouser:\u00a0<a href=\"https:\/\/www.mouser.com\/\">https:\/\/www.mouser.com<\/a><\/b><\/span><\/p>\n<p><span style=\"font-family: verdana, geneva, sans-serif;\">Na Mouser voc\u00ea encontra todos os componentes eletr\u00f4nicos que voc\u00ea n\u00e3o encontra no Brasil.<\/span><\/p>\n<p><span style=\"font-family: verdana, geneva, sans-serif;\"><b>Digi-Key:\u00a0<a href=\"https:\/\/www.digi-key.com\/\">https:\/\/www.digi-key.com<\/a><\/b><\/span><\/p>\n<p><span style=\"font-family: verdana, geneva, sans-serif;\">Na Digi-Key\u00a0voc\u00ea encontra todos os componentes eletr\u00f4nicos que voc\u00ea n\u00e3o encontra no Brasil.<\/span><\/p>\n<hr \/>\n<p><span style=\"font-family: verdana, geneva, sans-serif;\">Voc\u00ea \u00e9 lojista e quer divulgar sua loja de componentes eletr\u00f4nicos e produtos qu\u00edmicos ? Entre em contato que divulgarei as informa\u00e7\u00f5es!<\/span><\/p>\n<div data-blogger-escaped-style=\"text-align: justify;\"><span style=\"font-family: verdana, geneva, sans-serif;\">\u00a0<\/span><\/div>\n","protected":false},"excerpt":{"rendered":"<p>Reagentes \/ Material para Laborat\u00f3rio Luiz:\u00a0https:\/\/lista.mercadolivre.com.br\/_CustId_133961551\u00a0(luizcarlosmoraes80@gmail.com) O Luiz vende produtos qu\u00edmicos pelo Mercado Livre. Aqui voc\u00ea pode comprar HCl e outros produtos controlados que muitas empresas n\u00e3o querem vender mesmo respeitando a quantidade m\u00e1xima permitida por pessoa f\u00edsica. Lembrando que n\u00e3o \u00e9 proibido vender os materiais controlados, desde que seja pessoa f\u00edsica e respeite a &#8230; <a title=\"Links\" class=\"read-more\" href=\"https:\/\/www.engenhariacaseira.com.br\/blog\/?page_id=188\" aria-label=\"Read more about Links\">Ler mais<\/a><\/p>\n","protected":false},"author":1,"featured_media":0,"parent":0,"menu_order":0,"comment_status":"closed","ping_status":"closed","template":"","meta":{"footnotes":""},"class_list":["post-188","page","type-page","status-publish"],"amp_enabled":true,"post_mailing_queue_ids":[],"_links":{"self":[{"href":"https:\/\/www.engenhariacaseira.com.br\/blog\/index.php?rest_route=\/wp\/v2\/pages\/188","targetHints":{"allow":["GET"]}}],"collection":[{"href":"https:\/\/www.engenhariacaseira.com.br\/blog\/index.php?rest_route=\/wp\/v2\/pages"}],"about":[{"href":"https:\/\/www.engenhariacaseira.com.br\/blog\/index.php?rest_route=\/wp\/v2\/types\/page"}],"author":[{"embeddable":true,"href":"https:\/\/www.engenhariacaseira.com.br\/blog\/index.php?rest_route=\/wp\/v2\/users\/1"}],"replies":[{"embeddable":true,"href":"https:\/\/www.engenhariacaseira.com.br\/blog\/index.php?rest_route=%2Fwp%2Fv2%2Fcomments&post=188"}],"version-history":[{"count":3,"href":"https:\/\/www.engenhariacaseira.com.br\/blog\/index.php?rest_route=\/wp\/v2\/pages\/188\/revisions"}],"predecessor-version":[{"id":473,"href":"https:\/\/www.engenhariacaseira.com.br\/blog\/index.php?rest_route=\/wp\/v2\/pages\/188\/revisions\/473"}],"wp:attachment":[{"href":"https:\/\/www.engenhariacaseira.com.br\/blog\/index.php?rest_route=%2Fwp%2Fv2%2Fmedia&parent=188"}],"curies":[{"name":"wp","href":"https:\/\/api.w.org\/{rel}","templated":true}]}}